{"id":5678,"date":"2023-04-16T14:59:28","date_gmt":"2023-04-16T12:59:28","guid":{"rendered":"http:\/\/www.les-belles-idees.fr\/?page_id=5678"},"modified":"2025-12-17T16:59:42","modified_gmt":"2025-12-17T15:59:42","slug":"contact","status":"publish","type":"page","link":"https:\/\/www.les-belles-idees.fr\/index.php\/contact\/","title":{"rendered":"Me contacter"},"content":{"rendered":"\t\t<div data-elementor-type=\"wp-page\" data-elementor-id=\"5678\" class=\"elementor elementor-5678\">\n\t\t\t\t\t\t<section class=\"elementor-section elementor-top-section elementor-element elementor-element-5dbc867b elementor-section-height-min-height elementor-section-items-stretch elementor-reverse-tablet elementor-reverse-mobile elementor-section-boxed elementor-section-height-default\" data-id=\"5dbc867b\" data-element_type=\"section\" data-e-type=\"section\" data-settings=\"{&quot;background_background&quot;:&quot;classic&quot;}\">\n\t\t\t\t\t\t\t<div class=\"elementor-background-overlay\"><\/div>\n\t\t\t\t\t\t\t<div class=\"elementor-container elementor-column-gap-no\">\n\t\t\t\t\t<div class=\"elementor-column elementor-col-50 elementor-top-column elementor-element elementor-element-529db09f\" data-id=\"529db09f\" data-element_type=\"column\" data-e-type=\"column\">\n\t\t\t<div class=\"elementor-widget-wrap\">\n\t\t\t\t\t\t\t<\/div>\n\t\t<\/div>\n\t\t\t\t<div class=\"elementor-column elementor-col-50 elementor-top-column elementor-element elementor-element-3086e38\" data-id=\"3086e38\" data-element_type=\"column\" data-e-type=\"column\" data-settings=\"{&quot;background_background&quot;:&quot;classic&quot;}\">\n\t\t\t<div class=\"elementor-widget-wrap elementor-element-populated\">\n\t\t\t\t\t\t<div class=\"elementor-element elementor-element-1e4f88d5 elementor-widget elementor-widget-heading\" data-id=\"1e4f88d5\" data-element_type=\"widget\" data-e-type=\"widget\" data-widget_type=\"heading.default\">\n\t\t\t\t<div class=\"elementor-widget-container\">\n\t\t\t\t\t<h1 class=\"elementor-heading-title elementor-size-default\">Me contacter<\/h1>\t\t\t\t<\/div>\n\t\t\t\t<\/div>\n\t\t\t\t<div class=\"elementor-element elementor-element-48f4671 elementor-widget elementor-widget-text-editor\" data-id=\"48f4671\" data-element_type=\"widget\" data-e-type=\"widget\" data-widget_type=\"text-editor.default\">\n\t\t\t\t<div class=\"elementor-widget-container\">\n\t\t\t\t\t\t\t\t\t<p>Une question ? Besoin d&rsquo;un devis ?<\/p>\n<p>Envoyez moi un mail gr\u00e2ce au formulaire de contact ci dessous.<\/p>\t\t\t\t\t\t\t\t<\/div>\n\t\t\t\t<\/div>\n\t\t\t\t<div class=\"elementor-element elementor-element-1f1bbac fluentform-widget-submit-button-center fluentform-widget-submit-button-custom elementor-widget elementor-widget-fluent-form-widget\" data-id=\"1f1bbac\" data-element_type=\"widget\" data-e-type=\"widget\" data-widget_type=\"fluent-form-widget.default\">\n\t\t\t\t<div class=\"elementor-widget-container\">\n\t\t\t\t\t\n            <div class=\"fluentform-widget-wrapper hide-fluent-form-labels fluentform-widget-align-default\">\n\n            \n            <div class='fluentform ff-default fluentform_wrapper_1 ffs_default_wrap'><form data-form_id=\"1\" id=\"fluentform_1\" class=\"frm-fluent-form fluent_form_1 ff-el-form-top ff_form_instance_1_1 ff-form-loading ffs_default\" data-form_instance=\"ff_form_instance_1_1\" method=\"POST\" ><fieldset  style=\"border: none!important;margin: 0!important;padding: 0!important;background-color: transparent!important;box-shadow: none!important;outline: none!important; min-inline-size: 100%;\">\n                    <legend class=\"ff_screen_reader_title\" style=\"display: block; margin: 0!important;padding: 0!important;height: 0!important;text-indent: -999999px;width: 0!important;overflow:hidden;\">Formulaire de contact site Les belles id\u00e9es<\/legend><input type='hidden' name='__fluent_form_embded_post_id' value='5678' \/><input type=\"hidden\" id=\"_fluentform_1_fluentformnonce\" name=\"_fluentform_1_fluentformnonce\" value=\"5fd9dc967c\" \/><input type=\"hidden\" name=\"_wp_http_referer\" value=\"\/index.php\/wp-json\/wp\/v2\/pages\/5678\" \/><div data-type=\"name-element\" data-name=\"names\" class=\" ff-field_container ff-name-field-wrapper @font-face { \tfont-family: &#039;Open-Sans&#039;; \tfont-weight: 300; \tsrc: url(\u2018\/fonts\/Open-Sans.woff2\u2019) format(\u2018woff2\u2019), \t\turl(\u2018\/fonts\/Open-sans.ttf\u2019) format(\u2018truetype\u2019) }\" ><div class='ff-t-container'><div class='ff-t-cell '><div class='ff-el-group'><div class=\"ff-el-input--label asterisk-right\"><label for='ff_1_names_first_name_' id='label_ff_1_names_first_name_' >Nom<\/label><\/div><div class='ff-el-input--content'><input type=\"text\" name=\"names[first_name]\" id=\"ff_1_names_first_name_\" class=\"ff-el-form-control\" placeholder=\"Nom\" aria-invalid=\"false\" aria-required=false><\/div><\/div><\/div><div class='ff-t-cell '><div class='ff-el-group'><div class=\"ff-el-input--label asterisk-right\"><label for='ff_1_names_last_name_' id='label_ff_1_names_last_name_' >Pr\u00e9nom<\/label><\/div><div class='ff-el-input--content'><input type=\"text\" name=\"names[last_name]\" id=\"ff_1_names_last_name_\" class=\"ff-el-form-control\" placeholder=\"Pr\u00e9nom\" aria-invalid=\"false\" aria-required=false><\/div><\/div><\/div><\/div><\/div><div class='ff-el-group'><div class=\"ff-el-input--label ff-el-is-required asterisk-right\"><label for='ff_1_email' id='label_ff_1_email' aria-label=\"Email\">Email<\/label><\/div><div class='ff-el-input--content'><input type=\"email\" name=\"email\" id=\"ff_1_email\" class=\"ff-el-form-control\" placeholder=\"Email\" data-name=\"email\"  aria-invalid=\"false\" aria-required=true><\/div><\/div><div class='ff-el-group'><div class=\"ff-el-input--label asterisk-right\"><label for='ff_1_subject' id='label_ff_1_subject' aria-label=\"Sujet\">Sujet<\/label><\/div><div class='ff-el-input--content'><input type=\"text\" name=\"subject\" class=\"ff-el-form-control\" placeholder=\"Sujet\" data-name=\"subject\" id=\"ff_1_subject\"  aria-invalid=\"false\" aria-required=false><\/div><\/div><div class='ff-el-group'><div class=\"ff-el-input--label ff-el-is-required asterisk-right\"><label for='ff_1_message' id='label_ff_1_message' aria-label=\"Votre message\">Votre message<\/label><\/div><div class='ff-el-input--content'><textarea aria-required=\"true\" aria-labelledby=\"label_ff_1_message\" name=\"message\" id=\"ff_1_message\" class=\"ff-el-form-control\" placeholder=\"Message\" rows=\"4\" cols=\"2\" data-name=\"message\" ><\/textarea><\/div><\/div><div class='ff-el-group ff-text-left ff_submit_btn_wrapper'><button type=\"submit\" class=\"ff-btn ff-btn-submit ff-btn-md ff_btn_style\"  aria-label=\"ENVOYER\">ENVOYER<\/button><\/div><\/fieldset><\/form><div id='fluentform_1_errors' class='ff-errors-in-stack ff_form_instance_1_1 ff-form-loading_errors ff_form_instance_1_1_errors'><\/div><\/div>            <script type=\"text\/javascript\">\n                window.fluent_form_ff_form_instance_1_1 = {\"id\":\"1\",\"settings\":{\"layout\":{\"labelPlacement\":\"top\",\"helpMessagePlacement\":\"with_label\",\"errorMessagePlacement\":\"inline\",\"cssClassName\":\"\",\"asteriskPlacement\":\"asterisk-right\"},\"restrictions\":{\"denyEmptySubmission\":{\"enabled\":false}}},\"form_instance\":\"ff_form_instance_1_1\",\"form_id_selector\":\"fluentform_1\",\"rules\":{\"names[first_name]\":{\"required\":{\"value\":false,\"message\":\"This field is required\",\"global\":false,\"global_message\":\"Ce champ est obligatoire\"}},\"names[middle_name]\":{\"required\":{\"value\":false,\"message\":\"This field is required\",\"global\":false,\"global_message\":\"Ce champ est obligatoire\"}},\"names[last_name]\":{\"required\":{\"value\":false,\"message\":\"This field is required\",\"global\":false,\"global_message\":\"Ce champ est obligatoire\"}},\"email\":{\"required\":{\"value\":true,\"message\":\"Ce champ est requis.\",\"global\":false,\"global_message\":\"Ce champ est obligatoire\"},\"email\":{\"value\":true,\"message\":\"Email non valide.\",\"global\":false,\"global_message\":\"Ce champ doit contenir un e-mail valide\"}},\"subject\":{\"required\":{\"value\":false,\"message\":\"This field is required\",\"global\":false,\"global_message\":\"Ce champ est obligatoire\"}},\"message\":{\"required\":{\"value\":true,\"message\":\"This field is required\",\"global\":false,\"global_message\":\"Ce champ est obligatoire\"}}},\"debounce_time\":300};\n                            <\/script>\n                        <\/div>\n\n            \t\t\t\t<\/div>\n\t\t\t\t<\/div>\n\t\t\t\t\t<\/div>\n\t\t<\/div>\n\t\t\t\t\t<\/div>\n\t\t<\/section>\n\t\t\t\t<\/div>\n\t\t","protected":false},"excerpt":{"rendered":"<p>Me contacter Une question ? Besoin d&rsquo;un devis ? Envoyez moi un mail gr\u00e2ce au formulaire de contact ci dessous. Formulaire de contact site Les belles id\u00e9es NomPr\u00e9nomEmailSujetVotre messageENVOYER<\/p>\n","protected":false},"author":1,"featured_media":0,"parent":0,"menu_order":0,"comment_status":"closed","ping_status":"closed","template":"elementor_canvas","meta":{"footnotes":""},"class_list":["post-5678","page","type-page","status-publish","hentry","entry"],"yoast_head":"<!-- This site is optimized with the Yoast SEO plugin v27.5 - https:\/\/yoast.com\/product\/yoast-seo-wordpress\/ -->\n<title>Me contacter - Les belles id\u00e9es<\/title>\n<meta name=\"description\" content=\"Studio de cr\u00e9ation - communication en Vend\u00e9e (85) - Graphisme, charte graphique, supports de communication, sites webs\" \/>\n<meta name=\"robots\" content=\"index, follow, max-snippet:-1, max-image-preview:large, max-video-preview:-1\" \/>\n<link rel=\"canonical\" href=\"https:\/\/www.les-belles-idees.fr\/index.php\/contact\/\" \/>\n<meta property=\"og:locale\" content=\"fr_FR\" \/>\n<meta property=\"og:type\" content=\"article\" \/>\n<meta property=\"og:title\" content=\"Me contacter - Les belles id\u00e9es\" \/>\n<meta property=\"og:description\" content=\"Studio de cr\u00e9ation - communication en Vend\u00e9e (85) - Graphisme, charte graphique, supports de communication, sites webs\" \/>\n<meta property=\"og:url\" content=\"https:\/\/www.les-belles-idees.fr\/index.php\/contact\/\" \/>\n<meta property=\"og:site_name\" content=\"Les belles id\u00e9es\" \/>\n<meta property=\"article:modified_time\" content=\"2025-12-17T15:59:42+00:00\" \/>\n<meta name=\"twitter:card\" content=\"summary_large_image\" \/>\n<meta name=\"twitter:label1\" content=\"Dur\u00e9e de lecture estim\u00e9e\" \/>\n\t<meta name=\"twitter:data1\" content=\"1 minute\" \/>\n<script type=\"application\/ld+json\" class=\"yoast-schema-graph\">{\"@context\":\"https:\\\/\\\/schema.org\",\"@graph\":[{\"@type\":\"WebPage\",\"@id\":\"https:\\\/\\\/www.les-belles-idees.fr\\\/index.php\\\/contact\\\/\",\"url\":\"https:\\\/\\\/www.les-belles-idees.fr\\\/index.php\\\/contact\\\/\",\"name\":\"Me contacter - Les belles id\u00e9es\",\"isPartOf\":{\"@id\":\"https:\\\/\\\/www.les-belles-idees.fr\\\/#website\"},\"datePublished\":\"2023-04-16T12:59:28+00:00\",\"dateModified\":\"2025-12-17T15:59:42+00:00\",\"description\":\"Studio de cr\u00e9ation - communication en Vend\u00e9e (85) - Graphisme, charte graphique, supports de communication, sites webs\",\"breadcrumb\":{\"@id\":\"https:\\\/\\\/www.les-belles-idees.fr\\\/index.php\\\/contact\\\/#breadcrumb\"},\"inLanguage\":\"fr-FR\",\"potentialAction\":[{\"@type\":\"ReadAction\",\"target\":[\"https:\\\/\\\/www.les-belles-idees.fr\\\/index.php\\\/contact\\\/\"]}]},{\"@type\":\"BreadcrumbList\",\"@id\":\"https:\\\/\\\/www.les-belles-idees.fr\\\/index.php\\\/contact\\\/#breadcrumb\",\"itemListElement\":[{\"@type\":\"ListItem\",\"position\":1,\"name\":\"Accueil\",\"item\":\"https:\\\/\\\/www.les-belles-idees.fr\\\/\"},{\"@type\":\"ListItem\",\"position\":2,\"name\":\"Me contacter\"}]},{\"@type\":\"WebSite\",\"@id\":\"https:\\\/\\\/www.les-belles-idees.fr\\\/#website\",\"url\":\"https:\\\/\\\/www.les-belles-idees.fr\\\/\",\"name\":\"Les belles id\u00e9es\",\"description\":\"Studio graphique en Vend\u00e9e\",\"publisher\":{\"@id\":\"https:\\\/\\\/www.les-belles-idees.fr\\\/#organization\"},\"potentialAction\":[{\"@type\":\"SearchAction\",\"target\":{\"@type\":\"EntryPoint\",\"urlTemplate\":\"https:\\\/\\\/www.les-belles-idees.fr\\\/?s={search_term_string}\"},\"query-input\":{\"@type\":\"PropertyValueSpecification\",\"valueRequired\":true,\"valueName\":\"search_term_string\"}}],\"inLanguage\":\"fr-FR\"},{\"@type\":\"Organization\",\"@id\":\"https:\\\/\\\/www.les-belles-idees.fr\\\/#organization\",\"name\":\"Les belles id\u00e9es\",\"url\":\"https:\\\/\\\/www.les-belles-idees.fr\\\/\",\"logo\":{\"@type\":\"ImageObject\",\"inLanguage\":\"fr-FR\",\"@id\":\"https:\\\/\\\/www.les-belles-idees.fr\\\/#\\\/schema\\\/logo\\\/image\\\/\",\"url\":\"http:\\\/\\\/www.les-belles-idees.fr\\\/wp-content\\\/uploads\\\/2022\\\/05\\\/cropped-cropped-Nouveau-logo-lbi.png\",\"contentUrl\":\"http:\\\/\\\/www.les-belles-idees.fr\\\/wp-content\\\/uploads\\\/2022\\\/05\\\/cropped-cropped-Nouveau-logo-lbi.png\",\"width\":512,\"height\":483,\"caption\":\"Les belles id\u00e9es\"},\"image\":{\"@id\":\"https:\\\/\\\/www.les-belles-idees.fr\\\/#\\\/schema\\\/logo\\\/image\\\/\"}}]}<\/script>\n<!-- \/ Yoast SEO plugin. -->","yoast_head_json":{"title":"Me contacter - Les belles id\u00e9es","description":"Studio de cr\u00e9ation - communication en Vend\u00e9e (85) - Graphisme, charte graphique, supports de communication, sites webs","robots":{"index":"index","follow":"follow","max-snippet":"max-snippet:-1","max-image-preview":"max-image-preview:large","max-video-preview":"max-video-preview:-1"},"canonical":"https:\/\/www.les-belles-idees.fr\/index.php\/contact\/","og_locale":"fr_FR","og_type":"article","og_title":"Me contacter - Les belles id\u00e9es","og_description":"Studio de cr\u00e9ation - communication en Vend\u00e9e (85) - Graphisme, charte graphique, supports de communication, sites webs","og_url":"https:\/\/www.les-belles-idees.fr\/index.php\/contact\/","og_site_name":"Les belles id\u00e9es","article_modified_time":"2025-12-17T15:59:42+00:00","twitter_card":"summary_large_image","twitter_misc":{"Dur\u00e9e de lecture estim\u00e9e":"1 minute"},"schema":{"@context":"https:\/\/schema.org","@graph":[{"@type":"WebPage","@id":"https:\/\/www.les-belles-idees.fr\/index.php\/contact\/","url":"https:\/\/www.les-belles-idees.fr\/index.php\/contact\/","name":"Me contacter - Les belles id\u00e9es","isPartOf":{"@id":"https:\/\/www.les-belles-idees.fr\/#website"},"datePublished":"2023-04-16T12:59:28+00:00","dateModified":"2025-12-17T15:59:42+00:00","description":"Studio de cr\u00e9ation - communication en Vend\u00e9e (85) - Graphisme, charte graphique, supports de communication, sites webs","breadcrumb":{"@id":"https:\/\/www.les-belles-idees.fr\/index.php\/contact\/#breadcrumb"},"inLanguage":"fr-FR","potentialAction":[{"@type":"ReadAction","target":["https:\/\/www.les-belles-idees.fr\/index.php\/contact\/"]}]},{"@type":"BreadcrumbList","@id":"https:\/\/www.les-belles-idees.fr\/index.php\/contact\/#breadcrumb","itemListElement":[{"@type":"ListItem","position":1,"name":"Accueil","item":"https:\/\/www.les-belles-idees.fr\/"},{"@type":"ListItem","position":2,"name":"Me contacter"}]},{"@type":"WebSite","@id":"https:\/\/www.les-belles-idees.fr\/#website","url":"https:\/\/www.les-belles-idees.fr\/","name":"Les belles id\u00e9es","description":"Studio graphique en Vend\u00e9e","publisher":{"@id":"https:\/\/www.les-belles-idees.fr\/#organization"},"potentialAction":[{"@type":"SearchAction","target":{"@type":"EntryPoint","urlTemplate":"https:\/\/www.les-belles-idees.fr\/?s={search_term_string}"},"query-input":{"@type":"PropertyValueSpecification","valueRequired":true,"valueName":"search_term_string"}}],"inLanguage":"fr-FR"},{"@type":"Organization","@id":"https:\/\/www.les-belles-idees.fr\/#organization","name":"Les belles id\u00e9es","url":"https:\/\/www.les-belles-idees.fr\/","logo":{"@type":"ImageObject","inLanguage":"fr-FR","@id":"https:\/\/www.les-belles-idees.fr\/#\/schema\/logo\/image\/","url":"http:\/\/www.les-belles-idees.fr\/wp-content\/uploads\/2022\/05\/cropped-cropped-Nouveau-logo-lbi.png","contentUrl":"http:\/\/www.les-belles-idees.fr\/wp-content\/uploads\/2022\/05\/cropped-cropped-Nouveau-logo-lbi.png","width":512,"height":483,"caption":"Les belles id\u00e9es"},"image":{"@id":"https:\/\/www.les-belles-idees.fr\/#\/schema\/logo\/image\/"}}]}},"_links":{"self":[{"href":"https:\/\/www.les-belles-idees.fr\/index.php\/wp-json\/wp\/v2\/pages\/5678","targetHints":{"allow":["GET"]}}],"collection":[{"href":"https:\/\/www.les-belles-idees.fr\/index.php\/wp-json\/wp\/v2\/pages"}],"about":[{"href":"https:\/\/www.les-belles-idees.fr\/index.php\/wp-json\/wp\/v2\/types\/page"}],"author":[{"embeddable":true,"href":"https:\/\/www.les-belles-idees.fr\/index.php\/wp-json\/wp\/v2\/users\/1"}],"replies":[{"embeddable":true,"href":"https:\/\/www.les-belles-idees.fr\/index.php\/wp-json\/wp\/v2\/comments?post=5678"}],"version-history":[{"count":13,"href":"https:\/\/www.les-belles-idees.fr\/index.php\/wp-json\/wp\/v2\/pages\/5678\/revisions"}],"predecessor-version":[{"id":6232,"href":"https:\/\/www.les-belles-idees.fr\/index.php\/wp-json\/wp\/v2\/pages\/5678\/revisions\/6232"}],"wp:attachment":[{"href":"https:\/\/www.les-belles-idees.fr\/index.php\/wp-json\/wp\/v2\/media?parent=5678"}],"curies":[{"name":"wp","href":"https:\/\/api.w.org\/{rel}","templated":true}]}}